{"id":1655,"date":"2021-11-30T10:13:29","date_gmt":"2021-11-30T07:13:29","guid":{"rendered":"https:\/\/bazary.ma\/product\/long-sleeved-leopard-print-button-down-collar-shirt\/"},"modified":"2021-11-30T10:13:40","modified_gmt":"2021-11-30T07:13:40","slug":"long-sleeved-leopard-print-button-down-collar-shirt","status":"publish","type":"product","link":"https:\/\/bazary.ma\/fr\/produit\/long-sleeved-leopard-print-button-down-collar-shirt\/","title":{"rendered":"Chemise \u00e0 manches longues et col boutonn\u00e9 \u00e0 imprim\u00e9 l\u00e9opard"},"content":{"rendered":"<p><span style=\"font-weight: bold\">Information produit:<\/span><br \/>Nom du tissu : fibre de polyester<br \/>Composition principale du tissu : fibre de polyester (polyester)<br \/>Le contenu de l&#039;ingr\u00e9dient principal du tissu : 100%<br \/>Style : l\u00e9g\u00e8rement cuit<br \/>Motif : l\u00e9opard<br \/>Mod\u00e8le : cardigan<br \/>Longueur des manches : manches longues<br \/>Processus : impression\/teinture<br \/>Type d&#039;\u00e9dition : Vrac<br \/>\u00c9l\u00e9ments populaires : imprim\u00e9, imprim\u00e9 l\u00e9opard, bouton<br \/>Couleur : Kaki<br \/>Taille : S, M, L, XL<br \/>Type de style: trajet de temp\u00e9rament<\/p>\n<p><span style=\"font-weight: bold\">Informations sur la taille\u00a0:<\/span><br \/>Taille : S, M, L, XL Unit\u00e9 : cm<\/p>\n<p><img decoding=\"async\" src=\"https:\/\/cc-west-usa.oss-accelerate.aliyuncs.com\/804814b9-f969-4e41-b28c-1e84c7a9fb17.png\" style=\"max-width:100%\"><br \/><span style=\"font-weight: bold\">Noter:<\/span><br \/>1. Les tailles asiatiques sont 1 \u00e0 2 tailles plus petites que les europ\u00e9ennes et les am\u00e9ricaines. Choisissez la taille sup\u00e9rieure si votre taille se situe entre deux tailles. Veuillez permettre des diff\u00e9rences de 2 \u00e0 3 cm en raison de la mesure manuelle.<br \/>2. Veuillez v\u00e9rifier attentivement le tableau des tailles avant d&#039;acheter l&#039;article, si vous ne savez pas comment choisir la taille, veuillez contacter notre service client.<br \/>3.Comme vous le savez, les diff\u00e9rents ordinateurs affichent les couleurs diff\u00e9remment, la couleur de l&#039;article r\u00e9el peut varier l\u00e9g\u00e8rement des images suivantes.<\/p>\n<p><span style=\"font-weight: bold\">Forfait:<\/span><br \/>Chemise x1<\/p>\n<p><img decoding=\"async\" src=\"https:\/\/cc-west-usa.oss-accelerate.aliyuncs.com\/9eb253c8-73eb-4279-a427-6f9c9b4a997b.jpg\" style=\"max-width:100%\"><img decoding=\"async\" src=\"https:\/\/cc-west-usa.oss-accelerate.aliyuncs.com\/b5987634-b9c6-46dc-ac6a-7103a2e54492.jpg\" style=\"max-width: 100%\"><img decoding=\"async\" src=\"https:\/\/cc-west-usa.oss-accelerate.aliyuncs.com\/05215213-c726-457a-864b-0e4c235d8a13.jpg\" style=\"max-width: 100%\"><img decoding=\"async\" src=\"https:\/\/cc-west-usa.oss-accelerate.aliyuncs.com\/9d315714-0d28-42c2-958f-e17fe7bebac8.jpg\" style=\"max-width: 100%\"><img decoding=\"async\" src=\"https:\/\/cc-west-usa.oss-accelerate.aliyuncs.com\/0bfbe09d-508e-4572-a7f1-0f6b76417560.jpg\" style=\"max-width: 100%\"><\/p>","protected":false},"excerpt":{"rendered":"<p>Product information:Fabric name: polyester fiberMain fabric composition: polyester fiber (polyester)The content of the main fabric ingredient: 100%Style: lightly cookedPattern: LeopardStyle: cardiganSleeve length: long sleeveProcess: Printing\/DyeingEdition type: LoosePopular elements: print, leopard print, buttonColor: KhakiSize: S, M, L, XLStyle type: temperament commuting Size Information:Size: S, M, L, XL Unit: cm Note:1. Asian sizes are 1 to 2 [&hellip;]<\/p>","protected":false},"featured_media":1650,"comment_status":"open","ping_status":"closed","template":"","meta":{"ocean_post_layout":"","ocean_both_sidebars_style":"","ocean_both_sidebars_content_width":0,"ocean_both_sidebars_sidebars_width":0,"ocean_sidebar":"","ocean_second_sidebar":"","ocean_disable_margins":"enable","ocean_add_body_class":"","ocean_shortcode_before_top_bar":"","ocean_shortcode_after_top_bar":"","ocean_shortcode_before_header":"","ocean_shortcode_after_header":"","ocean_has_shortcode":"","ocean_shortcode_after_title":"","ocean_shortcode_before_footer_widgets":"","ocean_shortcode_after_footer_widgets":"","ocean_shortcode_before_footer_bottom":"","ocean_shortcode_after_footer_bottom":"","ocean_display_top_bar":"default","ocean_display_header":"default","ocean_header_style":"","ocean_center_header_left_menu":"","ocean_custom_header_template":"","ocean_custom_logo":0,"ocean_custom_retina_logo":0,"ocean_custom_logo_max_width":0,"ocean_custom_logo_tablet_max_width":0,"ocean_custom_logo_mobile_max_width":0,"ocean_custom_logo_max_height":0,"ocean_custom_logo_tablet_max_height":0,"ocean_custom_logo_mobile_max_height":0,"ocean_header_custom_menu":"","ocean_menu_typo_font_family":"","ocean_menu_typo_font_subset":"","ocean_menu_typo_font_size":0,"ocean_menu_typo_font_size_tablet":0,"ocean_menu_typo_font_size_mobile":0,"ocean_menu_typo_font_size_unit":"px","ocean_menu_typo_font_weight":"","ocean_menu_typo_font_weight_tablet":"","ocean_menu_typo_font_weight_mobile":"","ocean_menu_typo_transform":"","ocean_menu_typo_transform_tablet":"","ocean_menu_typo_transform_mobile":"","ocean_menu_typo_line_height":0,"ocean_menu_typo_line_height_tablet":0,"ocean_menu_typo_line_height_mobile":0,"ocean_menu_typo_line_height_unit":"","ocean_menu_typo_spacing":0,"ocean_menu_typo_spacing_tablet":0,"ocean_menu_typo_spacing_mobile":0,"ocean_menu_typo_spacing_unit":"","ocean_menu_link_color":"","ocean_menu_link_color_hover":"","ocean_menu_link_color_active":"","ocean_menu_link_background":"","ocean_menu_link_hover_background":"","ocean_menu_link_active_background":"","ocean_menu_social_links_bg":"","ocean_menu_social_hover_links_bg":"","ocean_menu_social_links_color":"","ocean_menu_social_hover_links_color":"","ocean_disable_title":"default","ocean_disable_heading":"default","ocean_post_title":"","ocean_post_subheading":"","ocean_post_title_style":"","ocean_post_title_background_color":"","ocean_post_title_background":0,"ocean_post_title_bg_image_position":"","ocean_post_title_bg_image_attachment":"","ocean_post_title_bg_image_repeat":"","ocean_post_title_bg_image_size":"","ocean_post_title_height":0,"ocean_post_title_bg_overlay":0.5,"ocean_post_title_bg_overlay_color":"","ocean_disable_breadcrumbs":"default","ocean_breadcrumbs_color":"","ocean_breadcrumbs_separator_color":"","ocean_breadcrumbs_links_color":"","ocean_breadcrumbs_links_hover_color":"","ocean_display_footer_widgets":"default","ocean_display_footer_bottom":"default","ocean_custom_footer_template":""},"product_cat":[54],"product_tag":[],"class_list":{"0":"post-1655","1":"product","2":"type-product","3":"status-publish","4":"has-post-thumbnail","6":"product_cat-tops","8":"entry","9":"has-media","11":"first","12":"instock","13":"taxable","14":"shipping-taxable","15":"purchasable","16":"product-type-variable","17":"has-product-nav","18":"col","19":"span_1_of_3","20":"owp-content-center","21":"owp-thumbs-layout-horizontal","22":"owp-btn-normal","23":"owp-tabs-layout-horizontal"},"_links":{"self":[{"href":"https:\/\/bazary.ma\/fr\/wp-json\/wp\/v2\/product\/1655"}],"collection":[{"href":"https:\/\/bazary.ma\/fr\/wp-json\/wp\/v2\/product"}],"about":[{"href":"https:\/\/bazary.ma\/fr\/wp-json\/wp\/v2\/types\/product"}],"replies":[{"embeddable":true,"href":"https:\/\/bazary.ma\/fr\/wp-json\/wp\/v2\/comments?post=1655"}],"wp:featuredmedia":[{"embeddable":true,"href":"https:\/\/bazary.ma\/fr\/wp-json\/wp\/v2\/media\/1650"}],"wp:attachment":[{"href":"https:\/\/bazary.ma\/fr\/wp-json\/wp\/v2\/media?parent=1655"}],"wp:term":[{"taxonomy":"product_cat","embeddable":true,"href":"https:\/\/bazary.ma\/fr\/wp-json\/wp\/v2\/product_cat?post=1655"},{"taxonomy":"product_tag","embeddable":true,"href":"https:\/\/bazary.ma\/fr\/wp-json\/wp\/v2\/product_tag?post=1655"}],"curies":[{"name":"wp","href":"https:\/\/api.w.org\/{rel}","templated":true}]}}