{"id":7994,"date":"2022-05-26T13:21:17","date_gmt":"2022-05-26T13:21:17","guid":{"rendered":""},"modified":"2022-05-26T13:25:44","modified_gmt":"2022-05-26T10:25:44","slug":"wireless-portable-microphone","status":"publish","type":"product","link":"https:\/\/bazary.ma\/fr\/produit\/wireless-portable-microphone\/","title":{"rendered":"Wireless Portable Microphone"},"content":{"rendered":"<p>&nbsp;<\/p>\n<p><strong>Traits:<\/strong><\/p>\n<p>1. Latence ultra-faible de 9 ms, r\u00e9ception sans obstacle de 20 m, il peut utiliser la diffusion en direct en ext\u00e9rieur et prendre une petite vid\u00e9o.<\/p>\n<p>2. It doesn&#8217;t need APP, plug-and-play, one-click connection, easy to wear.<\/p>\n<p>3. R\u00e9duction intelligente du bruit, longue autonomie de 10 heures, facile \u00e0 faire face \u00e0 toutes sortes d&#039;environnements bruyants, prise de vue sans souci, r\u00e9pond \u00e0 vos besoins pour une journ\u00e9e.<\/p>\n<p>4. 360 pointage complet, enregistrez chaque d\u00e9tail du son.<\/p>\n<p>5. Petit et pratique, il est compatible avec divers appareils, prend en charge le t\u00e9l\u00e9phone portable, la tablette, l&#039;appareil photo, l&#039;ordinateur portable.<\/p>\n<p>&nbsp;<\/p>\n<p><strong>Sp\u00e9cification:<\/strong><\/p>\n<p>Fr\u00e9quence\u00a0: 2,4\u00a0GHz<\/p>\n<p>Tension d&#039;entr\u00e9e : DC4.8-5.4V<\/p>\n<p>Port de charge : pour Lightning\/pour Type-C<\/p>\n<p>Capacit\u00e9 de la batterie : 80 mAh<\/p>\n<p>Distance de transmission : barri\u00e8re de 8 m, sans barri\u00e8re de 20 m<\/p>\n<p>Taille du microphone\u00a0: 62\u00a0*\u00a023\u00a0*\u00a028\u00a0mm<\/p>\n<p>Poids du micro\u00a0: 7\u00a0g<\/p>\n<p>Taille du r\u00e9cepteur\u00a0: 45\u00a0*\u00a027\u00a0*\u00a07\u00a0mm<\/p>\n<p>Poids du r\u00e9cepteur\u00a0: 4\u00a0g<\/p>\n<p>&nbsp;<\/p>\n<p><strong>Emballage inclus:<\/strong><\/p>\n<p>1 x microphone sans fil rechargeable<\/p>\n<p>1 r\u00e9cepteur<\/p>\n<p>1 x manuel en anglais<\/p>\n<p>1 c\u00e2ble USB<\/p>\n<p>&nbsp;<\/p>\n<p>&nbsp;<\/p>","protected":false},"excerpt":{"rendered":"<p>&nbsp; Features: 1. 9 ms ultra-low latency,20 m barrier-free reception, it can use outdoor live broadcast and take a small video. 2. It doesn&#8217;t need APP, plug-and-play, one-click connection, easy to wear. 3. Intelligent noise reduction, long endurance of 10 hours, easy to cope with all kinds of noisy environment, worry-free shooting, meet your needs [&hellip;]<\/p>","protected":false},"featured_media":8000,"comment_status":"open","ping_status":"open","template":"","meta":{"ocean_post_layout":"","ocean_both_sidebars_style":"","ocean_both_sidebars_content_width":0,"ocean_both_sidebars_sidebars_width":0,"ocean_sidebar":"","ocean_second_sidebar":"","ocean_disable_margins":"enable","ocean_add_body_class":"","ocean_shortcode_before_top_bar":"","ocean_shortcode_after_top_bar":"","ocean_shortcode_before_header":"","ocean_shortcode_after_header":"","ocean_has_shortcode":"","ocean_shortcode_after_title":"","ocean_shortcode_before_footer_widgets":"","ocean_shortcode_after_footer_widgets":"","ocean_shortcode_before_footer_bottom":"","ocean_shortcode_after_footer_bottom":"","ocean_display_top_bar":"default","ocean_display_header":"default","ocean_header_style":"","ocean_center_header_left_menu":"","ocean_custom_header_template":"","ocean_custom_logo":0,"ocean_custom_retina_logo":0,"ocean_custom_logo_max_width":0,"ocean_custom_logo_tablet_max_width":0,"ocean_custom_logo_mobile_max_width":0,"ocean_custom_logo_max_height":0,"ocean_custom_logo_tablet_max_height":0,"ocean_custom_logo_mobile_max_height":0,"ocean_header_custom_menu":"","ocean_menu_typo_font_family":"","ocean_menu_typo_font_subset":"","ocean_menu_typo_font_size":0,"ocean_menu_typo_font_size_tablet":0,"ocean_menu_typo_font_size_mobile":0,"ocean_menu_typo_font_size_unit":"px","ocean_menu_typo_font_weight":"","ocean_menu_typo_font_weight_tablet":"","ocean_menu_typo_font_weight_mobile":"","ocean_menu_typo_transform":"","ocean_menu_typo_transform_tablet":"","ocean_menu_typo_transform_mobile":"","ocean_menu_typo_line_height":0,"ocean_menu_typo_line_height_tablet":0,"ocean_menu_typo_line_height_mobile":0,"ocean_menu_typo_line_height_unit":"","ocean_menu_typo_spacing":0,"ocean_menu_typo_spacing_tablet":0,"ocean_menu_typo_spacing_mobile":0,"ocean_menu_typo_spacing_unit":"","ocean_menu_link_color":"","ocean_menu_link_color_hover":"","ocean_menu_link_color_active":"","ocean_menu_link_background":"","ocean_menu_link_hover_background":"","ocean_menu_link_active_background":"","ocean_menu_social_links_bg":"","ocean_menu_social_hover_links_bg":"","ocean_menu_social_links_color":"","ocean_menu_social_hover_links_color":"","ocean_disable_title":"default","ocean_disable_heading":"default","ocean_post_title":"","ocean_post_subheading":"","ocean_post_title_style":"","ocean_post_title_background_color":"","ocean_post_title_background":0,"ocean_post_title_bg_image_position":"","ocean_post_title_bg_image_attachment":"","ocean_post_title_bg_image_repeat":"","ocean_post_title_bg_image_size":"","ocean_post_title_height":0,"ocean_post_title_bg_overlay":0.5,"ocean_post_title_bg_overlay_color":"","ocean_disable_breadcrumbs":"default","ocean_breadcrumbs_color":"","ocean_breadcrumbs_separator_color":"","ocean_breadcrumbs_links_color":"","ocean_breadcrumbs_links_hover_color":"","ocean_display_footer_widgets":"default","ocean_display_footer_bottom":"default","ocean_custom_footer_template":""},"product_cat":[365,157,88],"product_tag":[382],"class_list":{"0":"post-7994","1":"product","2":"type-product","3":"status-publish","4":"has-post-thumbnail","6":"product_cat-consumer-electronics","7":"product_cat-tech-accessories","8":"product_cat-electronics","9":"product_tag-Microphone","11":"entry","12":"has-media","14":"first","15":"instock","16":"taxable","17":"shipping-taxable","18":"purchasable","19":"product-type-variable","20":"has-product-nav","21":"col","22":"span_1_of_3","23":"owp-content-center","24":"owp-thumbs-layout-horizontal","25":"owp-btn-normal","26":"owp-tabs-layout-horizontal"},"_links":{"self":[{"href":"https:\/\/bazary.ma\/fr\/wp-json\/wp\/v2\/product\/7994"}],"collection":[{"href":"https:\/\/bazary.ma\/fr\/wp-json\/wp\/v2\/product"}],"about":[{"href":"https:\/\/bazary.ma\/fr\/wp-json\/wp\/v2\/types\/product"}],"replies":[{"embeddable":true,"href":"https:\/\/bazary.ma\/fr\/wp-json\/wp\/v2\/comments?post=7994"}],"wp:featuredmedia":[{"embeddable":true,"href":"https:\/\/bazary.ma\/fr\/wp-json\/wp\/v2\/media\/8000"}],"wp:attachment":[{"href":"https:\/\/bazary.ma\/fr\/wp-json\/wp\/v2\/media?parent=7994"}],"wp:term":[{"taxonomy":"product_cat","embeddable":true,"href":"https:\/\/bazary.ma\/fr\/wp-json\/wp\/v2\/product_cat?post=7994"},{"taxonomy":"product_tag","embeddable":true,"href":"https:\/\/bazary.ma\/fr\/wp-json\/wp\/v2\/product_tag?post=7994"}],"curies":[{"name":"wp","href":"https:\/\/api.w.org\/{rel}","templated":true}]}}